{"id":241,"date":"2020-10-08T10:02:48","date_gmt":"2020-10-08T10:02:48","guid":{"rendered":"https:\/\/master.mspecsweb.se\/sites\/mspecslive\/?page_id=241"},"modified":"2020-10-08T10:02:48","modified_gmt":"2020-10-08T10:02:48","slug":"anvandning-av-cookies","status":"publish","type":"page","link":"https:\/\/master.mspecsweb.se\/sites\/broker542\/?page_id=241","title":{"rendered":"Anv\u00e4ndning av Cookies"},"content":{"rendered":"\n<pre class=\"wp-block-preformatted\"><h3>Anv\u00e4ndning av Cookies<\/h3>\nDen h\u00e4r webbplatsen inneh\u00e5ller cookies. H\u00e4r finns information om vad cookies \u00e4r, hur de anv\u00e4nds p\u00e5 den h\u00e4r webbplatsen och varf\u00f6r. Det finns \u00e4ven information om vad cookies inneb\u00e4r f\u00f6r webbplatsens bes\u00f6kare och hur de kan blockeras.\n\n<strong>Hur vi anv\u00e4nder cookies och vad cookies \u00e4r.<\/strong>\n\nVi anv\u00e4nder cookies f\u00f6r att kunna sammanst\u00e4lla anonym statistik och se hur webbplatsen anv\u00e4nds.En cookie \u00e4r en liten textfil som sparas p\u00e5 bes\u00f6karens dator. Vi g\u00f6r detta i syfte att kunna f\u00f6rb\u00e4ttra webbplatsen samt att kunna ge dig som kund b\u00e4ttre service och relevant inneh\u00e5ll. De flesta webbl\u00e4sare accepterar cookies per automatik men du m\u00e5ste f\u00f6rst samtycka till att Cookies sparas.\n\nEn cookie ligger kvar p\u00e5 din dator under en best\u00e4md tid. En sessionscookie lagras tillf\u00e4lligt i datorns minne under tiden du \u00e4r inne p\u00e5 en v\u00e5r webbsida. Sessionscookies f\u00f6rsvinner n\u00e4r du st\u00e4nger din webbl\u00e4sare.\n\n<strong>Cookies anv\u00e4nds f\u00f6r t.ex:<\/strong>\n\na) information som bes\u00f6ksstatistik (Google Analytics)\nb) se vilka operativsystem som anv\u00e4nds (Google Analytics)\nc) se de webbl\u00e4sare som anv\u00e4nds (Google Analytics)\nd) ta del av hur bes\u00f6kare anv\u00e4nder webbplatsen (Google Analytics)\n\nVi respekterar alltid bes\u00f6karens integritet och lagrar aldrig personlig information i v\u00e5ra cookies.Post- och telestyrelsen \u00e4r tillsynsmyndighet p\u00e5 omr\u00e5det och l\u00e4mnar ytterligare information om cookies p\u00e5 sin webbplats, <a rel=\"noreferrer noopener\" target=\"_blank\" href=\"https:\/\/www.pts.se\/sv\/bransch\/regler\/lagar\/lag-om-elektronisk-kommunikation\/kakor-cookies\/\">https:\/\/www.pts.se\/sv\/bransch\/regler\/lagar\/lag-om-elektronisk-kommunikation\/kakor-cookies\/<\/a>.\n\n<strong>Samtycke f\u00f6r acceptera cookies<\/strong>\n\nVi beh\u00f6ver ditt samtycke f\u00f6r att anv\u00e4nda cookies. Du samtycker genom att acceptera cookies.\n\n<strong>Om du inte vill att cookies ska sparas<\/strong>\n\nOm du vill st\u00e4nga av cookies kan detta g\u00f6ras i din webbl\u00e4sares s\u00e4kerhetsinst\u00e4llningar. D\u00e4r kan du \u00e4ven v\u00e4lja att bli informerad varje g\u00e5ng en webbplats vill lagra en cookie. Du kan ocks\u00e5 g\u00e5 in och radera alla cookies som satts tidigare. Vilka inst\u00e4llningar du kan g\u00f6ra beror p\u00e5 vilken webbl\u00e4sare du anv\u00e4nder, se webbl\u00e4sarens hj\u00e4lpsidor f\u00f6r mer information.\n\n<h3>Vilka cookies lagrar vi?<\/h3><strong>N\u00f6dv\u00e4ndiga cookies<\/strong>\n\nDessa cookies \u00e4r n\u00f6dv\u00e4ndiga f\u00f6r att webbplatsen ska fungera och kan inte st\u00e4ngas av i v\u00e5ra system. De st\u00e4lls vanligtvis bara in som svar p\u00e5 \u00e5tg\u00e4rder som du g\u00f6r som motsvarar en beg\u00e4ran om tj\u00e4nster, som att st\u00e4lla in dina sekretesspreferenser, logga in eller fylla i formul\u00e4r. Du kan st\u00e4lla in din webbl\u00e4sare s\u00e5 att den blockerar eller varnar dig om dessa cookies, men vissa delar av webbplatsen kanske slutar att fungera. Dessa cookies lagrar ingen personlig identifierbar information.\n\nCookies som anv\u00e4nds i detta syftet:\n<ul>\n<li>cookie_notice_accepted<\/li>\n<\/ul>\n\n<strong>Statistik cookies<\/strong>\n\nMed dessa cookies kan vi r\u00e4kna bes\u00f6k och trafikk\u00e4llor s\u00e5 att vi kan m\u00e4ta och f\u00f6rb\u00e4ttra v\u00e5r webbplats prestanda. De hj\u00e4lper oss att veta vilka sidor som \u00e4r mest och minst popul\u00e4ra och se hur bes\u00f6kare r\u00f6r sig p\u00e5 webbplatsen. All information som dessa cookies samlar in \u00e4r sammanst\u00e4lld och d\u00e4rf\u00f6r anonym. Om du inte till\u00e5ter dessa cookies vet vi inte n\u00e4r du har bes\u00f6kt v\u00e5r webbplats och kommer inte att kunna \u00f6vervaka dess prestanda.\n\nCookies som anv\u00e4nds i detta syftet:\n<ul>\n<li>_gid<\/li>\n<li>_ga<\/li>\n<li>_gat_gtag_UA_* (D\u00e4r * kommer vara en unik text som h\u00f6r till just denna insamlingen av statistik)<\/li>\n<\/ul>\n\n<\/pre>\n","protected":false},"excerpt":{"rendered":"<p>Anv\u00e4ndning av Cookies Den h\u00e4r webbplatsen inneh\u00e5ller cookies. H\u00e4r finns information om vad cookies \u00e4r, hur de anv\u00e4nds p\u00e5 den h\u00e4r webbplatsen och varf\u00f6r. Det finns \u00e4ven information om vad cookies inneb\u00e4r f\u00f6r webbplatsens bes\u00f6kare och hur de kan blockeras. Hur vi anv\u00e4nder cookies och vad cookies \u00e4r. Vi anv\u00e4nder cookies f\u00f6r att kunna sammanst\u00e4lla [&hellip;]<\/p>\n","protected":false},"author":1,"featured_media":0,"parent":0,"menu_order":0,"comment_status":"closed","ping_status":"closed","template":"page-wrapped.php","meta":{"footnotes":""},"class_list":["post-241","page","type-page","status-publish","hentry"],"_links":{"self":[{"href":"https:\/\/master.mspecsweb.se\/sites\/broker542\/index.php?rest_route=\/wp\/v2\/pages\/241","targetHints":{"allow":["GET"]}}],"collection":[{"href":"https:\/\/master.mspecsweb.se\/sites\/broker542\/index.php?rest_route=\/wp\/v2\/pages"}],"about":[{"href":"https:\/\/master.mspecsweb.se\/sites\/broker542\/index.php?rest_route=\/wp\/v2\/types\/page"}],"author":[{"embeddable":true,"href":"https:\/\/master.mspecsweb.se\/sites\/broker542\/index.php?rest_route=\/wp\/v2\/users\/1"}],"replies":[{"embeddable":true,"href":"https:\/\/master.mspecsweb.se\/sites\/broker542\/index.php?rest_route=%2Fwp%2Fv2%2Fcomments&post=241"}],"version-history":[{"count":1,"href":"https:\/\/master.mspecsweb.se\/sites\/broker542\/index.php?rest_route=\/wp\/v2\/pages\/241\/revisions"}],"predecessor-version":[{"id":242,"href":"https:\/\/master.mspecsweb.se\/sites\/broker542\/index.php?rest_route=\/wp\/v2\/pages\/241\/revisions\/242"}],"wp:attachment":[{"href":"https:\/\/master.mspecsweb.se\/sites\/broker542\/index.php?rest_route=%2Fwp%2Fv2%2Fmedia&parent=241"}],"curies":[{"name":"wp","href":"https:\/\/api.w.org\/{rel}","templated":true}]}}